{"id":15,"date":"2024-07-26T22:57:54","date_gmt":"2024-07-26T22:57:54","guid":{"rendered":"https:\/\/luizalouzeiro.com\/reserva\/"},"modified":"2025-07-30T22:04:57","modified_gmt":"2025-07-30T22:04:57","slug":"reserva","status":"publish","type":"page","link":"https:\/\/luizalouzeiro.com\/pt-br\/reserva\/","title":{"rendered":"CONTATO"},"content":{"rendered":"<p>Seu primeiro passo come\u00e7a no momento em que voc\u00ea se atreve a dar esse primeiro passo. Agende uma conversa e descubra como o programa pode benefici\u00e1-lo.<\/p>\n\n\n<div class=\"wp-block-jetpack-contact-form is-layout-flex wp-container-jetpack-contact-form-is-layout-faa3ad1c wp-block-jetpack-contact-form-is-layout-flex\"><a href=\"https:\/\/luizalouzeiro.com\/pt-br\/reserva\/\" target=\"_blank\" rel=\"noopener noreferrer\">Envie um formul\u00e1rio.<\/a><\/div>\n\n\n<p><\/p>","protected":false},"excerpt":{"rendered":"<p>Tu primer paso comienza en el momento en que te atreves a dar este primer paso. Agenda una conversaci\u00f3n y &hellip; <\/p>","protected":false},"author":1,"featured_media":0,"parent":0,"menu_order":3,"comment_status":"closed","ping_status":"closed","template":"","meta":{"om_disable_all_campaigns":false,"_monsterinsights_skip_tracking":false,"_monsterinsights_sitenote_active":false,"_monsterinsights_sitenote_note":"","_monsterinsights_sitenote_category":0,"_coachify_sidebar_layout":"","footnotes":""},"class_list":["post-15","page","type-page","status-publish","hentry","image-hover-transition-effect"],"aioseo_notices":[],"jetpack_sharing_enabled":true,"_links":{"self":[{"href":"https:\/\/luizalouzeiro.com\/pt-br\/wp-json\/wp\/v2\/pages\/15","targetHints":{"allow":["GET"]}}],"collection":[{"href":"https:\/\/luizalouzeiro.com\/pt-br\/wp-json\/wp\/v2\/pages"}],"about":[{"href":"https:\/\/luizalouzeiro.com\/pt-br\/wp-json\/wp\/v2\/types\/page"}],"author":[{"embeddable":true,"href":"https:\/\/luizalouzeiro.com\/pt-br\/wp-json\/wp\/v2\/users\/1"}],"replies":[{"embeddable":true,"href":"https:\/\/luizalouzeiro.com\/pt-br\/wp-json\/wp\/v2\/comments?post=15"}],"version-history":[{"count":11,"href":"https:\/\/luizalouzeiro.com\/pt-br\/wp-json\/wp\/v2\/pages\/15\/revisions"}],"predecessor-version":[{"id":346,"href":"https:\/\/luizalouzeiro.com\/pt-br\/wp-json\/wp\/v2\/pages\/15\/revisions\/346"}],"wp:attachment":[{"href":"https:\/\/luizalouzeiro.com\/pt-br\/wp-json\/wp\/v2\/media?parent=15"}],"curies":[{"name":"wp","href":"https:\/\/api.w.org\/{rel}","templated":true}]}}