{"id":20,"date":"2024-07-26T22:57:57","date_gmt":"2024-07-26T22:57:57","guid":{"rendered":"https:\/\/luizalouzeiro.com\/inicio\/"},"modified":"2026-03-25T13:34:27","modified_gmt":"2026-03-25T13:34:27","slug":"inicio","status":"publish","type":"page","link":"https:\/\/luizalouzeiro.com\/pt-br\/","title":{"rendered":"IN\u00cdCIO"},"content":{"rendered":"<div class=\"wp-block-group alignfull has-background-color has-foreground-background-color has-text-color has-background\" style=\"margin-top:0;margin-bottom:0;padding-top:0;padding-right:0;padding-bottom:0;padding-left:0\"><div class=\"wp-block-group__inner-container is-layout-constrained wp-container-core-group-is-layout-f77d2fef wp-block-group-is-layout-constrained\">\n<div class=\"wp-block-media-text alignfull has-media-on-the-right is-stacked-on-mobile is-vertically-aligned-top is-image-fill-element\" style=\"border-width:7px;grid-template-columns:auto 37%\"><div class=\"wp-block-media-text__content\">\n<div class=\"wp-block-group alignwide is-content-justification-right\" style=\"padding-top:var(--wp--preset--spacing--70);padding-right:0;padding-bottom:var(--wp--preset--spacing--70);padding-left:0\"><div class=\"wp-block-group__inner-container is-layout-constrained wp-container-core-group-is-layout-366949b7 wp-block-group-is-layout-constrained\">\n<h1 class=\"wp-block-heading has-background-color has-text-color\" style=\"margin-top:12px\">MENTORA CARRERA | DESBLOQUEA TU POTENCIAL Y CONQUISTA TU EMPLEO IDEAL<\/h1>\n\n\n\n<p class=\"has-background-color has-text-color\" style=\"margin-top:16px\">Soy <strong>Luiza Louzeiro<\/strong>, una <strong>PhD en Psicolog\u00eda<\/strong>, <strong>experta en Recursos Humanos<\/strong> con 18 a\u00f1os de trayectoria en el mercado laboral europeo y <strong>Coach de Carrera certificada.<\/strong> Mi misi\u00f3n no es solo acompa\u00f1arte; es <strong>transformarte en el candidato irresistible<\/strong> que toda empresa busca, dot\u00e1ndote de las herramientas y la estrategia para destacar.<\/p>\n\n\n\n<p class=\"has-background-color has-text-color\" style=\"margin-top:16px\">\u00bfCansado de enviar CVs sin respuesta? \u00bfSientes que tu verdadero potencial no se valora? Conozco los secretos del mercado laboral desde dentro y he dise\u00f1ado un camino probado para que alcances tus metas.<\/p>\n\n\n\n<p>Mi enfoque no es solo teor\u00eda; est\u00e1 <strong>respaldado por resultados impactantes<\/strong>: el <strong>93% de mis clientes<\/strong> se recolocan con \u00e9xito en un promedio de <strong>solo 4 meses<\/strong>.<\/p>\n\n\n\n<p>Te guiar\u00e9 paso a paso a trav\u00e9s de mi metodolog\u00eda comprobada, un sistema dise\u00f1ado para convertir tus aspiraciones en realidades a traves de mi m\u00e9todo \u00abPUENTE\u00bb<\/p>\n\n\n\n<p><strong>Principais benef\u00edcios:<\/strong><\/p>\n\n\n\n<figure class=\"wp-block-table\"><table class=\"has-fixed-layout\"><tbody><tr><td><strong>\u21e8<\/strong><strong>&nbsp;<\/strong><strong>Diagn\u00f3stico profundo:<\/strong>&nbsp;Identificamos tu valor \u00fanico, tus fortalezas y tus objetivos claros.<\/td><\/tr><tr><td><strong>\u21e8<\/strong><strong>&nbsp;<\/strong><strong>CV ganador:<\/strong>&nbsp;Creamos un curr\u00edculum que no solo impresiona, sino que abre puertas y supera los filtros ATS.<\/td><\/tr><tr><td><strong>\u21e8<\/strong><strong>&nbsp;<\/strong><strong>B\u00fasqueda estrat\u00e9gica:<\/strong>&nbsp;Te ense\u00f1o a navegar el mercado, descubrir ofertas ocultas y posicionarte inteligentemente.<\/td><\/tr><tr><td><strong>\u21e8<\/strong><strong>&nbsp;<\/strong><strong>Entrevista sin miedo:<\/strong>&nbsp;Te preparo a fondo para las entrevistas de competencias, dot\u00e1ndote de seguridad y las respuestas clave.<\/td><\/tr><\/tbody><\/table><\/figure>\n\n\n\n<p><strong>Acompa\u00f1amiento personalizado para tu transformaci\u00f3n:<\/strong><\/p>\n\n\n\n<p>Te ofrezco un&nbsp;<strong>acompa\u00f1amiento individualizado y cercano<\/strong>, mano a mano, en&nbsp;<strong>espa\u00f1ol o portugu\u00e9s<\/strong>, con entrenamiento intensivo y las herramientas exactas para cada etapa de tu proceso.<\/p>\n\n\n\n<p>ESTE SERVICIO TRANSFORMADOR ES IDEAL PARA TI SI:<\/p>\n\n\n\n<p>\ud83c\udf0f Si est\u00e1s en situaci\u00f3n de desempleo, llevas meses buscando sin \u00e9xito o necesitas un impulso estrat\u00e9gico urgente.<br>\ud83c\udd95 Eres un profesional internacional reci\u00e9n llegado a Europa y buscas integrarte eficazmente en el mercado laboral.<br>\ud83c\udd99 Te sientes en un subempleo y anhelas un salto de carrera que refleje tu valor, ambici\u00f3n y experiencia. <\/p>\n<\/div><\/div>\n<\/div><figure class=\"wp-block-media-text__media\"><img loading=\"lazy\" decoding=\"async\" width=\"683\" height=\"1024\" src=\"https:\/\/luizalouzeiro.com\/wp-content\/uploads\/2025\/05\/DSC04270-683x1024.jpg\" alt=\"\" class=\"wp-image-125 size-full\" style=\"object-position:50% 50%\" srcset=\"https:\/\/luizalouzeiro.com\/wp-content\/uploads\/2025\/05\/DSC04270-683x1024.jpg 683w, https:\/\/luizalouzeiro.com\/wp-content\/uploads\/2025\/05\/DSC04270-200x300.jpg 200w, https:\/\/luizalouzeiro.com\/wp-content\/uploads\/2025\/05\/DSC04270-768x1152.jpg 768w, https:\/\/luizalouzeiro.com\/wp-content\/uploads\/2025\/05\/DSC04270-1024x1536.jpg 1024w, https:\/\/luizalouzeiro.com\/wp-content\/uploads\/2025\/05\/DSC04270-1365x2048.jpg 1365w, https:\/\/luizalouzeiro.com\/wp-content\/uploads\/2025\/05\/DSC04270-600x900.jpg 600w, https:\/\/luizalouzeiro.com\/wp-content\/uploads\/2025\/05\/DSC04270-scaled.jpg 1707w\" sizes=\"auto, (max-width: 683px) 100vw, 683px\" \/><\/figure><\/div>\n<\/div><\/div>\n\n\n\n<div class=\"wp-block-group alignfull has-tertiary-background-color has-background\" style=\"margin-top:0;margin-bottom:0;padding-top:var(--wp--preset--spacing--60);padding-right:var(--wp--preset--spacing--30);padding-bottom:var(--wp--preset--spacing--60);padding-left:var(--wp--preset--spacing--30)\"><div class=\"wp-block-group__inner-container is-layout-constrained wp-container-core-group-is-layout-512a02c9 wp-block-group-is-layout-constrained\">\n<h2 class=\"wp-block-heading has-text-align-center\">AGENDE SUA SESS\u00c3O DE DIAGN\u00d3STICO<\/h2>\n<\/div><\/div>\n\n\n\n<div class=\"wp-block-group alignwide has-background-background-color has-background\" style=\"margin-top:0;margin-bottom:0;padding-top:var(--wp--preset--spacing--60);padding-right:var(--wp--preset--spacing--30);padding-bottom:var(--wp--preset--spacing--60);padding-left:var(--wp--preset--spacing--30)\"><div class=\"wp-block-group__inner-container is-layout-constrained wp-container-core-group-is-layout-392eb801 wp-block-group-is-layout-constrained\">\n<div class=\"wp-block-columns alignwide is-layout-flex wp-container-core-columns-is-layout-30f78326 wp-block-columns-is-layout-flex\">\n<div class=\"wp-block-column is-vertically-aligned-stretch is-layout-flow wp-block-column-is-layout-flow\" style=\"flex-basis:50%\">\n<figure class=\"wp-block-gallery has-nested-images columns-default is-cropped wp-block-gallery-1 is-layout-flex wp-block-gallery-is-layout-flex\"><div class=\"wp-block-image\">\n<figure class=\"alignleft size-large has-custom-border\"><img loading=\"lazy\" decoding=\"async\" width=\"912\" height=\"852\" data-id=\"127\" src=\"https:\/\/luizalouzeiro.com\/wp-content\/uploads\/2025\/05\/Captura-de-pantalla-2025-05-15-a-las-11.44.09.png\" alt=\"\" class=\"wp-image-127\" style=\"border-width:7px\" srcset=\"https:\/\/luizalouzeiro.com\/wp-content\/uploads\/2025\/05\/Captura-de-pantalla-2025-05-15-a-las-11.44.09.png 912w, https:\/\/luizalouzeiro.com\/wp-content\/uploads\/2025\/05\/Captura-de-pantalla-2025-05-15-a-las-11.44.09-300x280.png 300w, https:\/\/luizalouzeiro.com\/wp-content\/uploads\/2025\/05\/Captura-de-pantalla-2025-05-15-a-las-11.44.09-768x717.png 768w, https:\/\/luizalouzeiro.com\/wp-content\/uploads\/2025\/05\/Captura-de-pantalla-2025-05-15-a-las-11.44.09-600x561.png 600w\" sizes=\"auto, (max-width: 912px) 100vw, 912px\" \/><\/figure>\n<\/div><\/figure>\n<\/div>\n\n\n\n<div class=\"wp-block-column is-vertically-aligned-center is-layout-flow wp-block-column-is-layout-flow\" style=\"flex-basis:50%\">\n<h2 class=\"wp-block-heading has-large-font-size\">AGENDE SUA SESS\u00c3O DE DIAGN\u00d3STICO!<\/h2>\n\n\n\n<p>En esta sesi\u00f3n detectaremos los obst\u00e1culos que frenan tu b\u00fasqueda y dise\u00f1aremos un plan de acci\u00f3n para conseguir tu empleo ideal en Europa.<\/p>\n\n\n\n<p>Clique e reserve seu lugar agora!<\/p>\n\n\n\n<div class=\"wp-block-buttons is-layout-flex wp-block-buttons-is-layout-flex\">\n<div class=\"wp-block-button\"><a class=\"wp-block-button__link wp-element-button\" href=\"https:\/\/wa.me\/message\/SNTSYCKI4YOYP1\">Contato<\/a><\/div>\n<\/div>\n<\/div>\n<\/div>\n<\/div><\/div>\n\n\n\n<p><\/p>","protected":false},"excerpt":{"rendered":"<p>MENTORA CARRERA | DESBLOQUEA TU POTENCIAL Y CONQUISTA TU EMPLEO IDEAL Soy Luiza Louzeiro, una PhD en Psicolog\u00eda, experta en &hellip; <\/p>","protected":false},"author":1,"featured_media":0,"parent":0,"menu_order":0,"comment_status":"closed","ping_status":"closed","template":"","meta":{"om_disable_all_campaigns":false,"_monsterinsights_skip_tracking":false,"_monsterinsights_sitenote_active":false,"_monsterinsights_sitenote_note":"","_monsterinsights_sitenote_category":0,"_coachify_sidebar_layout":"","footnotes":""},"class_list":["post-20","page","type-page","status-publish","hentry","image-hover-transition-effect"],"aioseo_notices":[],"jetpack_sharing_enabled":true,"_links":{"self":[{"href":"https:\/\/luizalouzeiro.com\/pt-br\/wp-json\/wp\/v2\/pages\/20","targetHints":{"allow":["GET"]}}],"collection":[{"href":"https:\/\/luizalouzeiro.com\/pt-br\/wp-json\/wp\/v2\/pages"}],"about":[{"href":"https:\/\/luizalouzeiro.com\/pt-br\/wp-json\/wp\/v2\/types\/page"}],"author":[{"embeddable":true,"href":"https:\/\/luizalouzeiro.com\/pt-br\/wp-json\/wp\/v2\/users\/1"}],"replies":[{"embeddable":true,"href":"https:\/\/luizalouzeiro.com\/pt-br\/wp-json\/wp\/v2\/comments?post=20"}],"version-history":[{"count":56,"href":"https:\/\/luizalouzeiro.com\/pt-br\/wp-json\/wp\/v2\/pages\/20\/revisions"}],"predecessor-version":[{"id":595,"href":"https:\/\/luizalouzeiro.com\/pt-br\/wp-json\/wp\/v2\/pages\/20\/revisions\/595"}],"wp:attachment":[{"href":"https:\/\/luizalouzeiro.com\/pt-br\/wp-json\/wp\/v2\/media?parent=20"}],"curies":[{"name":"wp","href":"https:\/\/api.w.org\/{rel}","templated":true}]}}