{"id":205,"date":"2025-05-21T13:54:05","date_gmt":"2025-05-21T13:54:05","guid":{"rendered":"https:\/\/luizalouzeiro.com\/?page_id=205"},"modified":"2026-03-25T14:05:31","modified_gmt":"2026-03-25T14:05:31","slug":"sobre-mi","status":"publish","type":"page","link":"https:\/\/luizalouzeiro.com\/pt-br\/sobre-mi\/","title":{"rendered":"SOBRE MIM"},"content":{"rendered":"<div class=\"wp-block-group alignfull has-background-background-color has-background\" style=\"border-width:7px;margin-top:0;margin-bottom:0;padding-top:var(--wp--preset--spacing--20);padding-right:var(--wp--preset--spacing--30);padding-bottom:var(--wp--preset--spacing--20);padding-left:var(--wp--preset--spacing--30)\"><div class=\"wp-block-group__inner-container is-layout-constrained wp-container-core-group-is-layout-e4fad133 wp-block-group-is-layout-constrained\">\n<div class=\"wp-block-columns alignwide are-vertically-aligned-center is-layout-flex wp-container-core-columns-is-layout-30f78326 wp-block-columns-is-layout-flex\">\n<div class=\"wp-block-column is-vertically-aligned-center is-layout-flow wp-block-column-is-layout-flow\" style=\"flex-basis:50%\">\n<div class=\"wp-block-group\"><div class=\"wp-block-group__inner-container is-layout-constrained wp-container-core-group-is-layout-9a69a910 wp-block-group-is-layout-constrained\">\n<div class=\"wp-block-jetpack-tiled-gallery aligncenter is-style-rectangular\" style=\"padding-top:var(--wp--preset--spacing--30);padding-right:0;padding-bottom:var(--wp--preset--spacing--30);padding-left:0\"><div class=\"\"><div class=\"tiled-gallery__gallery\"><div class=\"tiled-gallery__row\"><div class=\"tiled-gallery__col\" style=\"flex-basis:100.00000%\"><figure class=\"tiled-gallery__item\"><img decoding=\"async\" srcset=\"https:\/\/i0.wp.com\/luizalouzeiro.com\/wp-content\/uploads\/2025\/07\/DSC03970-683x1024.jpg?strip=info&#038;w=600&#038;ssl=1 600w,https:\/\/i0.wp.com\/luizalouzeiro.com\/wp-content\/uploads\/2025\/07\/DSC03970-683x1024.jpg?strip=info&#038;w=900&#038;ssl=1 900w,https:\/\/i0.wp.com\/luizalouzeiro.com\/wp-content\/uploads\/2025\/07\/DSC03970-683x1024.jpg?strip=info&#038;w=1200&#038;ssl=1 1200w,https:\/\/i0.wp.com\/luizalouzeiro.com\/wp-content\/uploads\/2025\/07\/DSC03970-683x1024.jpg?strip=info&#038;w=1500&#038;ssl=1 1500w,https:\/\/i0.wp.com\/luizalouzeiro.com\/wp-content\/uploads\/2025\/07\/DSC03970-683x1024.jpg?strip=info&#038;w=1707&#038;ssl=1 1707w\" alt=\"luiza louzeiro sobre m\u00ed\" data-height=\"2560\" data-id=\"348\" data-link=\"https:\/\/luizalouzeiro.com\/sobre-mi\/dsc03970-2\/\" data-url=\"https:\/\/luizalouzeiro.com\/wp-content\/uploads\/2025\/07\/DSC03970-683x1024.jpg\" data-width=\"1707\" src=\"https:\/\/i0.wp.com\/luizalouzeiro.com\/wp-content\/uploads\/2025\/07\/DSC03970-683x1024.jpg?ssl=1\" data-amp-layout=\"responsive\"\/><\/figure><\/div><\/div><\/div><\/div><\/div>\n<\/div><\/div>\n<\/div>\n\n\n\n<div class=\"wp-block-column is-vertically-aligned-center is-layout-flow wp-block-column-is-layout-flow\" style=\"flex-basis:60%\">\n<h2 class=\"wp-block-heading has-large-font-size\">Descubre qui\u00e9n soy<\/h2>\n\n\n\n<p><strong>Soy Luiza, y mi misi\u00f3n es clara:<\/strong> transformarte en el profesional que aspira a un puesto de valor, construyendo una carrera plena y exitosa. <em>Como PhD en Psicologia, experta en Recursos Humanos con 18 a\u00f1os de trayectoria en Europa, y Coach de Carrera acreditada por la ICF<\/em>, te ofrezco una combinaci\u00f3n \u00fanica de conocimiento estrat\u00e9gico, experiencia pr\u00e1ctica y empat\u00eda profunda.<\/p>\n\n\n\n<p>Nac\u00ed en Brasil, pero mi hogar profesional est\u00e1 en Madrid, donde resido y trabajo desde hace 18 a\u00f1os. Mi trayectoria no ha sido lineal, sino un \u00abcamino PUENTE\u00bb que me ha dotado de una perspectiva invaluable:<\/p>\n\n\n\n<p><strong>Mi camino, tu ventaja: La experiencia que me permite entenderte:<\/strong><\/p>\n\n\n\n<ol class=\"wp-block-list\">\n<li><strong>Mentoring en Brasil<\/strong> &#8211; Mi pasi\u00f3n por ense\u00f1ar y acompa\u00f1ar combinado con mi trabajo en banca y contabilidad con la pedagog\u00eda y la ense\u00f1anza de sociales, descubr\u00ed el poder de guiar y el valor de una buena base educativa.<\/li>\n\n\n\n<li><strong>Empezar del cero en Europa (2007)<\/strong> &#8211; Mi llegada a Madrid fue un reset. Hice mi Doctorado y cuatro M\u00e1steres (en Psicolog\u00eda, Recursos Humanos, Inteligencia Emocional y PNL), aprendiendo en carne propia lo que significa adaptarse, reconstruir una red y revalidar el valor profesional en un nuevo pa\u00eds.\u00a0<strong>He vivido tu reto.<\/strong><\/li>\n\n\n\n<li><strong>Liderazgo y desarrollo pedag\u00f3gico<\/strong> &#8211; Desde la ense\u00f1anza de portugu\u00e9s y la capacitaci\u00f3n de docentes, hasta el trabajo con ni\u00f1os de altas capacidades, mi experiencia en la formaci\u00f3n me ense\u00f1\u00f3 a identificar y potenciar el talento individual.<\/li>\n\n\n\n<li><strong>Desde el coraz\u00f3n de Recursos Humanos <\/strong>&#8211; He liderado grandes equipos en outsourcing y luego me especialic\u00e9 en consultor\u00eda de RRHH, seleccionando y desarrollando talento para empresas l\u00edderes.\u00a0<strong><em>Conozco los secretos de los procesos de selecci\u00f3n desde dentro.<\/em><\/strong><\/li>\n\n\n\n<li><strong>Coaching transcultural para el \u00e9xito<\/strong> &#8211; Toda esta experiencia culmin\u00f3 en mi verdadera vocaci\u00f3n: combinar mi expertise acad\u00e9mico y corporativo para ser la coach que a m\u00ed me hubiera gustado tener. En solo tres a\u00f1os, he ayudado a\u00a0<strong>m\u00e1s de 110 profesionales internacionales<\/strong>\u00a0a conseguir empleo en Espa\u00f1a y Portugal.<\/li>\n<\/ol>\n\n\n\n<p><strong>Por que posso ajud\u00e1-lo<\/strong>:<\/p>\n\n\n\n<ul class=\"wp-block-list\">\n<li><strong>Eu vivi seu desafio:<\/strong> Eu sei o que \u00e9 preciso para adaptar curr\u00edculos, fazer boas entrevistas e construir uma rede de contatos em outro idioma.<\/li>\n\n\n\n<li><strong>M\u00e9todo \u00abPUENTE\u00bb comprobado:<\/strong> Diagn\u00f3stico profundo- CV ganador &#8211; B\u00fasqueda estrat\u00e9gica &#8211; Entrevista sin miedo.<\/li>\n<\/ul>\n\n\n\n<p>Agende sua sess\u00e3o de diagn\u00f3stico e vamos construir sua carreira ideal na Europa. <\/p>\n\n\n\n<div class=\"wp-block-buttons is-layout-flex wp-block-buttons-is-layout-flex\">\n<div class=\"wp-block-button\"><a class=\"wp-block-button__link wp-element-button\" href=\"https:\/\/wa.me\/message\/SNTSYCKI4YOYP1\">Contato<\/a><\/div>\n<\/div>\n<\/div>\n<\/div>\n<\/div><\/div>\n\n\n\n<p><\/p>","protected":false},"excerpt":{"rendered":"<p>Descubre qui\u00e9n soy Soy Luiza, y mi misi\u00f3n es clara: transformarte en el profesional que aspira a un puesto de &hellip; <\/p>","protected":false},"author":1,"featured_media":0,"parent":0,"menu_order":1,"comment_status":"closed","ping_status":"closed","template":"","meta":{"om_disable_all_campaigns":false,"_monsterinsights_skip_tracking":false,"_monsterinsights_sitenote_active":false,"_monsterinsights_sitenote_note":"","_monsterinsights_sitenote_category":0,"_coachify_sidebar_layout":"","footnotes":""},"class_list":["post-205","page","type-page","status-publish","hentry","image-hover-transition-effect"],"aioseo_notices":[],"jetpack_sharing_enabled":true,"_links":{"self":[{"href":"https:\/\/luizalouzeiro.com\/pt-br\/wp-json\/wp\/v2\/pages\/205","targetHints":{"allow":["GET"]}}],"collection":[{"href":"https:\/\/luizalouzeiro.com\/pt-br\/wp-json\/wp\/v2\/pages"}],"about":[{"href":"https:\/\/luizalouzeiro.com\/pt-br\/wp-json\/wp\/v2\/types\/page"}],"author":[{"embeddable":true,"href":"https:\/\/luizalouzeiro.com\/pt-br\/wp-json\/wp\/v2\/users\/1"}],"replies":[{"embeddable":true,"href":"https:\/\/luizalouzeiro.com\/pt-br\/wp-json\/wp\/v2\/comments?post=205"}],"version-history":[{"count":11,"href":"https:\/\/luizalouzeiro.com\/pt-br\/wp-json\/wp\/v2\/pages\/205\/revisions"}],"predecessor-version":[{"id":599,"href":"https:\/\/luizalouzeiro.com\/pt-br\/wp-json\/wp\/v2\/pages\/205\/revisions\/599"}],"wp:attachment":[{"href":"https:\/\/luizalouzeiro.com\/pt-br\/wp-json\/wp\/v2\/media?parent=205"}],"curies":[{"name":"wp","href":"https:\/\/api.w.org\/{rel}","templated":true}]}}