{"id":230,"date":"2025-05-23T20:38:55","date_gmt":"2025-05-23T20:38:55","guid":{"rendered":"https:\/\/luizalouzeiro.com\/?page_id=230"},"modified":"2025-11-01T17:35:17","modified_gmt":"2025-11-01T17:35:17","slug":"gratis","status":"publish","type":"page","link":"https:\/\/luizalouzeiro.com\/pt-br\/gratis\/","title":{"rendered":"RECURSOS"},"content":{"rendered":"<div class=\"wp-block-group alignfull has-background-background-color has-background\" style=\"margin-top:0;margin-bottom:0;padding-top:var(--wp--preset--spacing--60);padding-right:var(--wp--preset--spacing--30);padding-bottom:var(--wp--preset--spacing--60);padding-left:var(--wp--preset--spacing--30)\"><div class=\"wp-block-group__inner-container is-layout-constrained wp-container-core-group-is-layout-392eb801 wp-block-group-is-layout-constrained\">\n<div class=\"wp-block-group alignwide is-vertical is-layout-flex wp-container-core-group-is-layout-8cf370e7 wp-block-group-is-layout-flex\">\n<div class=\"wp-block-group alignwide is-content-justification-left\"><div class=\"wp-block-group__inner-container is-layout-constrained wp-container-core-group-is-layout-eded1d97 wp-block-group-is-layout-constrained\">\n<h2 class=\"wp-block-heading has-large-font-size\">\ud83c\udf81Recursos para acelerar sua carreira na Espanha<\/h2>\n\n\n\n<p style=\"margin-top:16px\">Obtenha modelos gratuitos e guias pr\u00e1ticos (Modelos de CV | Teste vocacional | Teste de habilidades transfer\u00edveis)<\/p>\n<\/div><\/div>\n<\/div>\n\n\n\n<div class=\"wp-block-columns alignwide is-layout-flex wp-container-core-columns-is-layout-54975717 wp-block-columns-is-layout-flex\">\n<div class=\"wp-block-column is-layout-flow wp-block-column-is-layout-flow\">\n<div class=\"wp-block-group has-tertiary-background-color has-background\" style=\"border-radius:4px;min-height:100%;padding-top:var(--wp--preset--spacing--30);padding-right:var(--wp--preset--spacing--30);padding-bottom:var(--wp--preset--spacing--30);padding-left:var(--wp--preset--spacing--30)\"><div class=\"wp-block-group__inner-container is-layout-constrained wp-container-core-group-is-layout-0cc5ead4 wp-block-group-is-layout-constrained\">\n<figure class=\"wp-block-image size-large ext-aspect-landscape wp-duotone-varpresetduotoneprimary-foreground-1\"><img decoding=\"async\" src=\"data:image\/svg+xml;base64,PHN2ZyB4bWxucz0iaHR0cDovL3d3dy53My5vcmcvMjAwMC9zdmciIHdpZHRoPSI0OCIgaGVpZ2h0PSI0OCIgZmlsbD0ibm9uZSIgdmlld0JveD0iMCAwIDQ4IDQ4Ij48bWFzayBpZD0iYSIgd2lkdGg9IjQ4IiBoZWlnaHQ9IjQ4IiB4PSIwIiB5PSIwIiBtYXNrVW5pdHM9InVzZXJTcGFjZU9uVXNlIiBzdHlsZT0ibWFzay10eXBlOmFscGhhIj48cGF0aCBmaWxsPSIjRDlEOUQ5IiBkPSJNMCAwaDQ4djQ4SDB6Ii8+PC9tYXNrPjxnIG1hc2s9InVybCgjYSkiPjxwYXRoIGZpbGw9IiMxQzFCMUYiIGQ9Ik0xNS45NSAzNS41aDE2LjF2LTNoLTE2LjF2M1ptMC04LjVoMTYuMXYtM2gtMTYuMXYzWk0xMSA0NGMtLjggMC0xLjUtLjMtMi4xLS45LS42LS42LS45LTEuMy0uOS0yLjFWN2MwLS44LjMtMS41LjktMi4xLjYtLjYgMS4zLS45IDIuMS0uOWgxOC4wNUw0MCAxNC45NVY0MWMwIC44LS4zIDEuNS0uOSAyLjEtLjYuNi0xLjMuOS0yLjEuOUgxMVptMTYuNTUtMjcuN1Y3SDExdjM0aDI2VjE2LjNoLTkuNDVaIi8+PC9nPjwvc3ZnPg==\" alt=\"\"\/><\/figure>\n\n\n\n<h3 class=\"wp-block-heading\" style=\"margin-top:24px;font-size:20px;line-height:1.5\">Modelos de CVs<\/h3>\n\n\n\n<p class=\"has-small-font-size\" style=\"margin-top:8px\">Estruture seu curr\u00edculo para passar no primeiro filtro<\/p>\n\n\n\n<div class=\"wp-block-buttons is-content-justification-left is-layout-flex wp-container-core-buttons-is-layout-fdcfc74e wp-block-buttons-is-layout-flex\">\n<div class=\"wp-block-button\"><a class=\"wp-block-button__link has-small-font-size has-custom-font-size wp-element-button\" href=\"https:\/\/drive.google.com\/drive\/u\/1\/folders\/16_Jq4znAl8JgurM7frgwuFXa04wO6yPa\">Baixar<\/a><\/div>\n<\/div>\n<\/div><\/div>\n<\/div>\n\n\n\n<div class=\"wp-block-column is-layout-flow wp-block-column-is-layout-flow\">\n<div class=\"wp-block-group has-tertiary-background-color has-background\" style=\"border-radius:4px;min-height:100%;padding-top:var(--wp--preset--spacing--30);padding-right:var(--wp--preset--spacing--30);padding-bottom:var(--wp--preset--spacing--30);padding-left:var(--wp--preset--spacing--30)\"><div class=\"wp-block-group__inner-container is-layout-constrained wp-container-core-group-is-layout-0cc5ead4 wp-block-group-is-layout-constrained\">\n<figure class=\"wp-block-image size-large ext-aspect-landscape wp-duotone-varpresetduotoneprimary-foreground-2\"><img decoding=\"async\" src=\"data:image\/svg+xml;base64,PHN2ZyB4bWxucz0iaHR0cDovL3d3dy53My5vcmcvMjAwMC9zdmciIHdpZHRoPSI0OCIgaGVpZ2h0PSI0OCIgZmlsbD0ibm9uZSIgdmlld0JveD0iMCAwIDQ4IDQ4Ij48bWFzayBpZD0iYSIgd2lkdGg9IjQ4IiBoZWlnaHQ9IjQ4IiB4PSIwIiB5PSIwIiBtYXNrVW5pdHM9InVzZXJTcGFjZU9uVXNlIiBzdHlsZT0ibWFzay10eXBlOmFscGhhIj48cGF0aCBmaWxsPSIjRDlEOUQ5IiBkPSJNMCAwaDQ4djQ4SDB6Ii8+PC9tYXNrPjxnIG1hc2s9InVybCgjYSkiPjxwYXRoIGZpbGw9IiMxQzFCMUYiIGQ9Ik0xNS45NSAzNS41aDE2LjF2LTNoLTE2LjF2M1ptMC04LjVoMTYuMXYtM2gtMTYuMXYzWk0xMSA0NGMtLjggMC0xLjUtLjMtMi4xLS45LS42LS42LS45LTEuMy0uOS0yLjFWN2MwLS44LjMtMS41LjktMi4xLjYtLjYgMS4zLS45IDIuMS0uOWgxOC4wNUw0MCAxNC45NVY0MWMwIC44LS4zIDEuNS0uOSAyLjEtLjYuNi0xLjMuOS0yLjEuOUgxMVptMTYuNTUtMjcuN1Y3SDExdjM0aDI2VjE2LjNoLTkuNDVaIi8+PC9nPjwvc3ZnPg==\" alt=\"\"\/><\/figure>\n\n\n\n<h3 class=\"wp-block-heading\" style=\"margin-top:24px;font-size:20px;line-height:1.5\">Teste de orienta\u00e7\u00e3o vocacional<\/h3>\n\n\n\n<p class=\"has-small-font-size\" style=\"margin-top:8px\">Descubra sua verdadeira voca\u00e7\u00e3o<\/p>\n\n\n\n<div class=\"wp-block-buttons is-content-justification-left is-layout-flex wp-container-core-buttons-is-layout-fdcfc74e wp-block-buttons-is-layout-flex\">\n<div class=\"wp-block-button\"><a class=\"wp-block-button__link has-small-font-size has-custom-font-size wp-element-button\" href=\"https:\/\/docs.google.com\/spreadsheets\/d\/1gPF4ONO9H_0B-N9YgPqqRjG4FIgR_Ftz\/edit?gid=885803663#gid=885803663\">Baixar<\/a><\/div>\n<\/div>\n<\/div><\/div>\n<\/div>\n\n\n\n<div class=\"wp-block-column is-layout-flow wp-block-column-is-layout-flow\">\n<div class=\"wp-block-group has-tertiary-background-color has-background\" style=\"border-radius:4px;min-height:100%;padding-top:var(--wp--preset--spacing--30);padding-right:var(--wp--preset--spacing--30);padding-bottom:var(--wp--preset--spacing--30);padding-left:var(--wp--preset--spacing--30)\"><div class=\"wp-block-group__inner-container is-layout-constrained wp-container-core-group-is-layout-0cc5ead4 wp-block-group-is-layout-constrained\">\n<figure class=\"wp-block-image size-large ext-aspect-landscape wp-duotone-varpresetduotoneprimary-foreground-3\"><img decoding=\"async\" src=\"data:image\/svg+xml;base64,PHN2ZyB4bWxucz0iaHR0cDovL3d3dy53My5vcmcvMjAwMC9zdmciIHdpZHRoPSI0OCIgaGVpZ2h0PSI0OCIgZmlsbD0ibm9uZSIgdmlld0JveD0iMCAwIDQ4IDQ4Ij48bWFzayBpZD0iYSIgd2lkdGg9IjQ4IiBoZWlnaHQ9IjQ4IiB4PSIwIiB5PSIwIiBtYXNrVW5pdHM9InVzZXJTcGFjZU9uVXNlIiBzdHlsZT0ibWFzay10eXBlOmFscGhhIj48cGF0aCBmaWxsPSIjRDlEOUQ5IiBkPSJNMCAwaDQ4djQ4SDB6Ii8+PC9tYXNrPjxnIG1hc2s9InVybCgjYSkiPjxwYXRoIGZpbGw9IiMxQzFCMUYiIGQ9Ik0xNS45NSAzNS41aDE2LjF2LTNoLTE2LjF2M1ptMC04LjVoMTYuMXYtM2gtMTYuMXYzWk0xMSA0NGMtLjggMC0xLjUtLjMtMi4xLS45LS42LS42LS45LTEuMy0uOS0yLjFWN2MwLS44LjMtMS41LjktMi4xLjYtLjYgMS4zLS45IDIuMS0uOWgxOC4wNUw0MCAxNC45NVY0MWMwIC44LS4zIDEuNS0uOSAyLjEtLjYuNi0xLjMuOS0yLjEuOUgxMVptMTYuNTUtMjcuN1Y3SDExdjM0aDI2VjE2LjNoLTkuNDVaIi8+PC9nPjwvc3ZnPg==\" alt=\"\"\/><\/figure>\n\n\n\n<h3 class=\"wp-block-heading\" style=\"margin-top:24px;font-size:20px;line-height:1.5\">Guia de habilidades transfer\u00edveis<\/h3>\n\n\n\n<p class=\"has-small-font-size\" style=\"margin-top:8px\">Siga esta orienta\u00e7\u00e3o para atingir suas metas.<\/p>\n\n\n\n<div class=\"wp-block-buttons is-content-justification-left is-layout-flex wp-container-core-buttons-is-layout-fdcfc74e wp-block-buttons-is-layout-flex\">\n<div class=\"wp-block-button\"><a class=\"wp-block-button__link has-small-font-size has-custom-font-size wp-element-button\" href=\"https:\/\/drive.google.com\/drive\/u\/1\/folders\/17FtKr2EIgMNBsiuTDyigGD5Ojf77iIeY\">Baixar<\/a><\/div>\n<\/div>\n<\/div><\/div>\n<\/div>\n<\/div>\n<\/div><\/div>","protected":false},"excerpt":{"rendered":"<p>\ud83c\udf81Recursos para acelerar tu carrera en Espa\u00f1a Obt\u00e9n plantillas y gu\u00edas pr\u00e1cticas gratis (Modelos de CV | Test Vocacional | &hellip; <\/p>","protected":false},"author":1,"featured_media":0,"parent":0,"menu_order":4,"comment_status":"closed","ping_status":"closed","template":"","meta":{"om_disable_all_campaigns":false,"_monsterinsights_skip_tracking":false,"_monsterinsights_sitenote_active":false,"_monsterinsights_sitenote_note":"","_monsterinsights_sitenote_category":0,"_coachify_sidebar_layout":"","footnotes":""},"class_list":["post-230","page","type-page","status-publish","hentry","image-hover-transition-effect"],"aioseo_notices":[],"jetpack_sharing_enabled":true,"_links":{"self":[{"href":"https:\/\/luizalouzeiro.com\/pt-br\/wp-json\/wp\/v2\/pages\/230","targetHints":{"allow":["GET"]}}],"collection":[{"href":"https:\/\/luizalouzeiro.com\/pt-br\/wp-json\/wp\/v2\/pages"}],"about":[{"href":"https:\/\/luizalouzeiro.com\/pt-br\/wp-json\/wp\/v2\/types\/page"}],"author":[{"embeddable":true,"href":"https:\/\/luizalouzeiro.com\/pt-br\/wp-json\/wp\/v2\/users\/1"}],"replies":[{"embeddable":true,"href":"https:\/\/luizalouzeiro.com\/pt-br\/wp-json\/wp\/v2\/comments?post=230"}],"version-history":[{"count":10,"href":"https:\/\/luizalouzeiro.com\/pt-br\/wp-json\/wp\/v2\/pages\/230\/revisions"}],"predecessor-version":[{"id":516,"href":"https:\/\/luizalouzeiro.com\/pt-br\/wp-json\/wp\/v2\/pages\/230\/revisions\/516"}],"wp:attachment":[{"href":"https:\/\/luizalouzeiro.com\/pt-br\/wp-json\/wp\/v2\/media?parent=230"}],"curies":[{"name":"wp","href":"https:\/\/api.w.org\/{rel}","templated":true}]}}