{"id":75,"date":"2025-05-15T22:01:40","date_gmt":"2025-05-15T22:01:40","guid":{"rendered":"https:\/\/luizalouzeiro.com\/?page_id=75"},"modified":"2025-11-01T17:33:01","modified_gmt":"2025-11-01T17:33:01","slug":"sesiones","status":"publish","type":"page","link":"https:\/\/luizalouzeiro.com\/pt-br\/sesiones\/","title":{"rendered":"SERVI\u00c7OS"},"content":{"rendered":"<h3 class=\"wp-block-heading\" style=\"margin-top:12px\">Explore como posso acompanh\u00e1-lo em seu crescimento pessoal e profissional.<\/h3>\n\n\n\n<p class=\"has-text-align-center\"><em>Coaching executivo para l\u00edderes, mudan\u00e7a de carreira para aqueles que querem sair de sua zona de conforto e buscar algo pelo qual s\u00e3o apaixonados, meu foco principal \u00e9 para aqueles que buscam se estabelecer na Espanha.<\/em><\/p>\n\n\n\n<div class=\"wp-block-group alignfull has-background-background-color has-background\" style=\"border-width:7px;margin-top:0;margin-bottom:0;padding-top:var(--wp--preset--spacing--60);padding-right:var(--wp--preset--spacing--30);padding-bottom:var(--wp--preset--spacing--60);padding-left:var(--wp--preset--spacing--30)\"><div class=\"wp-block-group__inner-container is-layout-constrained wp-container-core-group-is-layout-392eb801 wp-block-group-is-layout-constrained\">\n<div class=\"wp-block-columns alignwide is-layout-flex wp-container-core-columns-is-layout-65786054 wp-block-columns-is-layout-flex\">\n<div class=\"wp-block-column is-layout-flow wp-block-column-is-layout-flow\">\n<div class=\"wp-block-group\"><div class=\"wp-block-group__inner-container is-layout-constrained wp-block-group-is-layout-constrained\"><div class=\"wp-block-image is-style-rectangular\">\n<figure class=\"aligncenter size-full\"><img loading=\"lazy\" decoding=\"async\" width=\"80\" height=\"80\" src=\"https:\/\/luizalouzeiro.com\/wp-content\/uploads\/2025\/07\/icons8-avion-80-2.png\" alt=\"\" class=\"wp-image-331\"\/><\/figure>\n<\/div>\n\n\n<h3 class=\"wp-block-heading has-text-align-center has-tertiary-background-color has-background\" style=\"padding-top:12px;padding-right:24px;padding-bottom:12px;padding-left:24px;font-size:20px;line-height:1.5\">Mentora de carreira <\/h3>\n\n\n\n<p class=\"has-text-align-center\"><em>Sua ponte para o mercado de trabalho europeu<\/em><\/p>\n\n\n\n<p class=\"has-text-align-center\"><strong>Ideal para:<\/strong> Profissionais latino-americanos que chegaram recentemente ou querem relan\u00e7ar suas carreiras na UE.<\/p>\n\n\n\n<p class=\"has-text-align-center\"><strong>O que voc\u00ea recebe: <\/strong><\/p>\n\n\n\n<p class=\"has-text-align-center\">\u2714\ufe0fAn\u00e1lisis 360\u00b0 de seu perfil: compet\u00eancias, lacunas e potencial transfer\u00edvel.<\/p>\n\n\n\n<p class=\"has-text-align-center\">\u2714\ufe0f CV vencedor + LinkedIn UE - pronto: layout, palavras-chave e formato ATS.<\/p>\n\n\n\n<p class=\"has-text-align-center\">\u2714\ufe0f Estrat\u00e9gia de busca ativa: portais, networking e feiras de emprego.<\/p>\n\n\n\n<p class=\"has-text-align-center\">\u2714\ufe0f Preparando-se para entrevistas multiculturais: perguntas comuns, c\u00f3digos culturais e<\/p>\n\n\n\n<p class=\"has-text-align-center\">Interpreta\u00e7\u00e3o de pap\u00e9is.<\/p>\n\n\n\n<p class=\"has-text-align-center\">\u2714\ufe0f Plano de 90 dias com marcos e suporte cont\u00ednuo via plataforma, e-mail e WhatsApp.<\/p>\n<\/div><\/div>\n<\/div>\n\n\n\n<div class=\"wp-block-column is-layout-flow wp-block-column-is-layout-flow\">\n<div class=\"wp-block-group\"><div class=\"wp-block-group__inner-container is-layout-constrained wp-block-group-is-layout-constrained\"><div class=\"wp-block-image is-style-rectangular\">\n<figure class=\"aligncenter size-full\"><img loading=\"lazy\" decoding=\"async\" width=\"80\" height=\"80\" src=\"https:\/\/luizalouzeiro.com\/wp-content\/uploads\/2025\/07\/icons8-depression-80.png\" alt=\"\" class=\"wp-image-332\"\/><\/figure>\n<\/div>\n\n\n<h3 class=\"wp-block-heading has-text-align-center has-tertiary-background-color has-background\" style=\"padding-top:12px;padding-right:24px;padding-bottom:12px;padding-left:24px;font-size:20px;line-height:1.5\">Coaching Executivo<\/h3>\n\n\n\n<p class=\"has-text-align-center\"><em>Lideran\u00e7a \u00e9tica e de alto desempenho<\/em><\/p>\n\n\n\n<p class=\"has-text-align-center\"><strong>Ideal para:<\/strong> gerentes, gerentes intermedi\u00e1rios e empres\u00e1rios que gerenciam equipes internacionais.<\/p>\n\n\n\n<p class=\"has-text-align-center\"><strong>O que voc\u00ea recebe:<\/strong><\/p>\n\n\n\n<p class=\"has-text-align-center\">\u2714\ufe0fDiagn\u00f3stico do estilo de lideran\u00e7a (feedback 360\u00b0).<\/p>\n\n\n\n<p class=\"has-text-align-center\">\u2714\ufe0f Plano personalizado para se comunicar, delegar e tomar decis\u00f5es com confian\u00e7a.<\/p>\n\n\n\n<p class=\"has-text-align-center\">\u2714\ufe0f Ferramentas de intelig\u00eancia emocional para gerenciar press\u00f5es e mudan\u00e7as.<\/p>\n\n\n\n<p class=\"has-text-align-center\">\u2714\ufe0f Sess\u00f5es individuais confidenciais com monitoramento de KPIs de neg\u00f3cios.<\/p>\n\n\n\n<p class=\"has-text-align-center\">\u2714\ufe0f Roteiro de 6 meses para aumentar o seu impacto e o da sua equipe.<\/p>\n<\/div><\/div>\n<\/div>\n\n\n\n<div class=\"wp-block-column is-layout-flow wp-block-column-is-layout-flow\">\n<div class=\"wp-block-group\"><div class=\"wp-block-group__inner-container is-layout-constrained wp-block-group-is-layout-constrained\"><div class=\"wp-block-image is-style-rectangular\">\n<figure class=\"aligncenter size-full\"><img loading=\"lazy\" decoding=\"async\" width=\"80\" height=\"80\" src=\"https:\/\/luizalouzeiro.com\/wp-content\/uploads\/2025\/07\/icons8-equipo-80-2-1.png\" alt=\"\" class=\"wp-image-333\"\/><\/figure>\n<\/div>\n\n\n<h3 class=\"wp-block-heading has-text-align-center has-tertiary-background-color has-background\" style=\"padding-top:12px;padding-right:24px;padding-bottom:12px;padding-left:24px;font-size:20px;line-height:1.5\">Treinamento de equipes<\/h3>\n\n\n\n<p class=\"has-text-align-center\"><em>Sinergia multicultural que gera resultados<\/em><\/p>\n\n\n\n<p class=\"has-text-align-center\"><strong>Ideal para: <\/strong>empresas com equipes remotas ou h\u00edbridas que precisam de coes\u00e3o e comunica\u00e7\u00e3o eficaz.<\/p>\n\n\n\n<p class=\"has-text-align-center\"><strong>O que voc\u00ea recebe:<\/strong><\/p>\n\n\n\n<p class=\"has-text-align-center\">\u2714\ufe0f Workshops interativos: confian\u00e7a, feedback construtivo e gerenciamento de conflitos.<\/p>\n\n\n\n<p class=\"has-text-align-center\">\u2714\ufe0f Din\u00e2mica de forma\u00e7\u00e3o de equipes adaptada a diferentes culturas.<\/p>\n\n\n\n<p class=\"has-text-align-center\">\u2714\ufe0f Plano de a\u00e7\u00e3o \u00e1gil: fun\u00e7\u00f5es claras, rituais de colabora\u00e7\u00e3o e m\u00e9tricas de progresso.<\/p>\n\n\n\n<p class=\"has-text-align-center\">\u2714\ufe0f Acompanhar o l\u00edder para sustentar as mudan\u00e7as no dia a dia.<\/p>\n<\/div><\/div>\n<\/div>\n\n\n\n<div class=\"wp-block-column is-layout-flow wp-block-column-is-layout-flow\">\n<div class=\"wp-block-group\"><div class=\"wp-block-group__inner-container is-layout-constrained wp-block-group-is-layout-constrained\"><div class=\"wp-block-image is-style-rectangular\">\n<figure class=\"aligncenter size-full\"><img loading=\"lazy\" decoding=\"async\" width=\"80\" height=\"80\" src=\"https:\/\/luizalouzeiro.com\/wp-content\/uploads\/2025\/07\/icons8-vida-80-2.png\" alt=\"\" class=\"wp-image-334\"\/><\/figure>\n<\/div>\n\n\n<h3 class=\"wp-block-heading has-text-align-center has-tertiary-background-color has-background\" style=\"padding-top:12px;padding-right:24px;padding-bottom:12px;padding-left:24px;font-size:20px;line-height:1.5\">Coaching de vida<\/h3>\n\n\n\n<p class=\"has-text-align-center\"><em>Equil\u00edbrio e prop\u00f3sito para uma vida plena<\/em><\/p>\n\n\n\n<p class=\"has-text-align-center\"><strong>Ideal para:<\/strong> pessoas que se sentem<\/p>\n\n\n\n<p class=\"has-text-align-center\">estagna\u00e7\u00e3o pessoal ou estresse e buscar clareza e bem-estar.<\/p>\n\n\n\n<p class=\"has-text-align-center\"><strong>O que voc\u00ea recebe:<\/strong><\/p>\n\n\n\n<p class=\"has-text-align-center\">\u2714\ufe0f Defini\u00e7\u00e3o de metas significativas em 5 \u00e1reas: sa\u00fade, relacionamentos, carreira, finan\u00e7as e lazer.<\/p>\n\n\n\n<p class=\"has-text-align-center\">\u2714\ufe0f Identifica\u00e7\u00e3o e supera\u00e7\u00e3o de bloqueios (cren\u00e7as, h\u00e1bitos, medo).<\/p>\n\n\n\n<p class=\"has-text-align-center\">\u2714\ufe0f Rotinas de bem-estar emocional: aten\u00e7\u00e3o plena, gerenciamento de tempo e autocuidado.<\/p>\n\n\n\n<p class=\"has-text-align-center\">\u2714\ufe0f Plano de a\u00e7\u00e3o de 12 semanas com acompanhamento e ajustes.<\/p>\n\n\n\n<p><\/p>\n<\/div><\/div>\n<\/div>\n<\/div>\n\n\n\n<div class=\"wp-block-buttons alignwide is-layout-flex wp-block-buttons-is-layout-flex\">\n<div class=\"wp-block-button\"><a class=\"wp-block-button__link wp-element-button\" href=\"https:\/\/wa.me\/message\/SNTSYCKI4YOYP1\">Contato<\/a><\/div>\n<\/div>\n<\/div><\/div>\n\n\n\n<p class=\"has-small-font-size\"><\/p>\n\n\n\n<p><\/p>","protected":false},"excerpt":{"rendered":"<p>Explora c\u00f3mo puedo acompa\u00f1arte en tu crecimiento personal y profesional Coaching ejecutivo para lideres, cambio de carrera para aquellos que &hellip; <\/p>","protected":false},"author":1,"featured_media":0,"parent":0,"menu_order":2,"comment_status":"closed","ping_status":"closed","template":"","meta":{"om_disable_all_campaigns":false,"_monsterinsights_skip_tracking":false,"_monsterinsights_sitenote_active":false,"_monsterinsights_sitenote_note":"","_monsterinsights_sitenote_category":0,"_coachify_sidebar_layout":"","footnotes":""},"class_list":["post-75","page","type-page","status-publish","hentry","image-hover-transition-effect"],"aioseo_notices":[],"jetpack_sharing_enabled":true,"_links":{"self":[{"href":"https:\/\/luizalouzeiro.com\/pt-br\/wp-json\/wp\/v2\/pages\/75","targetHints":{"allow":["GET"]}}],"collection":[{"href":"https:\/\/luizalouzeiro.com\/pt-br\/wp-json\/wp\/v2\/pages"}],"about":[{"href":"https:\/\/luizalouzeiro.com\/pt-br\/wp-json\/wp\/v2\/types\/page"}],"author":[{"embeddable":true,"href":"https:\/\/luizalouzeiro.com\/pt-br\/wp-json\/wp\/v2\/users\/1"}],"replies":[{"embeddable":true,"href":"https:\/\/luizalouzeiro.com\/pt-br\/wp-json\/wp\/v2\/comments?post=75"}],"version-history":[{"count":35,"href":"https:\/\/luizalouzeiro.com\/pt-br\/wp-json\/wp\/v2\/pages\/75\/revisions"}],"predecessor-version":[{"id":515,"href":"https:\/\/luizalouzeiro.com\/pt-br\/wp-json\/wp\/v2\/pages\/75\/revisions\/515"}],"wp:attachment":[{"href":"https:\/\/luizalouzeiro.com\/pt-br\/wp-json\/wp\/v2\/media?parent=75"}],"curies":[{"name":"wp","href":"https:\/\/api.w.org\/{rel}","templated":true}]}}